{"id":2433,"date":"2022-09-26T11:24:43","date_gmt":"2022-09-26T09:24:43","guid":{"rendered":"https:\/\/www.famigliapaolina.net\/preghierapaolina\/?page_id=2433"},"modified":"2022-09-26T11:24:43","modified_gmt":"2022-09-26T09:24:43","slug":"home-page","status":"publish","type":"page","link":"https:\/\/www.famigliapaolina.net\/preghierapaolina\/home-page\/?lang=ko","title":{"rendered":"Home page"},"content":{"rendered":"<div id=\"pl-2433\"  class=\"panel-layout\" ><div id=\"pg-2433-0\"  class=\"panel-grid panel-has-style\" ><div class=\"row grid-x panel-row-style panel-row-style-for-2433-0\" ><div id=\"pgc-2433-0-0\"  class=\"panel-grid-cell cell columns small-12 medium-12\" ><div id=\"panel-2433-0-0-0\" class=\"so-panel widget widget_text panel-first-child panel-last-child\" data-index=\"0\" ><div style=\";background-repeat:repeat;\" class=\"panel-widget-style panel-widget-style-for-2433-0-0-0\" >\t\t\t<div class=\"textwidget\"><div id=\"bannerR\">\n<div id=\"div-gpt-ad-1474537762122-3\" data-google-query-id=\"CPrB-uPXm_ECFVBZ4AodNyoFjQ\"><\/div>\n<\/div>\n<div class=\"boxed\">\n<div id=\"lipsum\">\n<p>La <strong>PREGHIERA<\/strong> si pu\u00f2 paragonare alla <em><strong>respirazione<\/strong><\/em>. Come il corpo cessa di vivere senza l\u2019aria, cos\u00ec cessa di vivere l\u2019anima priva di orazione. Non \u00e8 necessario essere profeti; dal modo con cui si prega, si \u00e8 assidui, raccolti, si conosce lo spirito, si conosce il buon cristiano, il buon religioso, il buon sacerdote&#8230; Se preghiamo abbiamo le grazie, e quindi viviamo bene! Sebbene si cada forse e ricada qualche volta, se si prega, si finir\u00e0 col trionfare. Purch\u00e9 l\u2019anima si ostini a pregare finir\u00e0 col trionfare; ma ci vuole un\u2019ostinazione che duri per tutta la vita: essere santamente ostinati.<\/p>\n<\/div>\n<\/div>\n<\/div>\n\t\t<\/div><\/div><\/div><\/div><\/div><div id=\"pg-2433-1\"  class=\"panel-grid panel-has-style\" ><div class=\"row grid-x panel-row-style panel-row-style-for-2433-1\" id=\"home-row-layout\" ><div id=\"pgc-2433-1-0\"  class=\"panel-grid-cell cell columns small-12 medium-4\" ><div id=\"panel-2433-1-0-0\" class=\"so-panel widget widget_sow-editor panel-first-child panel-last-child\" data-index=\"1\" ><div class=\"main-page-block panel-widget-style panel-widget-style-for-2433-1-0-0\" style=\";background-repeat:repeat;\" id=\"preghiere-home\" ><div class=\"so-widget-sow-editor so-widget-sow-editor-base\">\n<div class=\"siteorigin-widget-tinymce textwidget\">\n\t<p><a href=\"https:\/\/www.famigliapaolina.net\/preghierapaolina\/le-preghiere\/\">Preghiere<\/a><\/p>\n<\/div>\n<\/div><\/div><\/div><\/div><div id=\"pgc-2433-1-1\"  class=\"panel-grid-cell panel-grid-cell-mobile-last cell columns small-12 medium-4\" ><div id=\"panel-2433-1-1-0\" class=\"so-panel widget widget_sow-editor panel-first-child panel-last-child\" data-index=\"2\" ><div class=\"main-page-block panel-widget-style panel-widget-style-for-2433-1-1-0\" style=\";background-repeat:repeat;\" id=\"liturgie-home\" ><div class=\"so-widget-sow-editor so-widget-sow-editor-base\">\n<div class=\"siteorigin-widget-tinymce textwidget\">\n\t<p><a href=\"https:\/\/www.famigliapaolina.net\/preghierapaolina\/le-liturgie\">Liturgia<\/a><\/p>\n<\/div>\n<\/div><\/div><\/div><\/div><div id=\"pgc-2433-1-2\"  class=\"panel-grid-cell panel-grid-cell-empty cell columns small-12 medium-4\" ><\/div><\/div><\/div><div id=\"pg-2433-2\"  class=\"panel-grid panel-has-style\" ><div class=\"row grid-x panel-row-style panel-row-style-for-2433-2\" ><div id=\"pgc-2433-2-0\"  class=\"panel-grid-cell cell columns small-12 medium-12\" ><div id=\"panel-2433-2-0-0\" class=\"so-panel widget widget_text panel-first-child panel-last-child\" data-index=\"3\" ><div style=\";background-repeat:repeat;\" class=\"panel-widget-style panel-widget-style-for-2433-2-0-0\" >\t\t\t<div class=\"textwidget\"><p>La <strong>PREGHIERA<\/strong> \u00e8 come il <em><strong>cibo<\/strong><\/em> per il corpo. Se uno non si nutre e comincia a saltare la colazione al mattino, poi il pranzo a mezzogiorno, la cena alla sera, che cosa potr\u00e0 fare? Si sentir\u00e0 stanco, senza forze e come potr\u00e0 durare? Se poi prolungher\u00e0 il digiuno, sappiamo che questo pu\u00f2 diventare fatale, si muore di fame, perch\u00e9 il corpo non \u00e8 nutrito. Cos\u00ec \u00e8 per l\u2019anima. Quando invece il corpo si nutre bene, la funzione della digestione si compie bene, allora il corpo \u00e8 nutrito, ci sono le forze per lavorare, per pregare, per fare le varie faccende che riempiono la nostra giornata.<\/p>\n<\/div>\n\t\t<\/div><\/div><\/div><\/div><\/div><\/div>","protected":false},"excerpt":{"rendered":"<p>La PREGHIERA si pu\u00f2 paragonare alla respirazione. Come il corpo cessa di vivere senza l\u2019aria, cos\u00ec cessa di vivere l\u2019anima priva di orazione. Non \u00e8 necessario essere profeti; dal modo con cui si prega, si \u00e8 assidui, raccolti, si conosce lo spirito, si conosce il buon cristiano, il buon religioso, il buon sacerdote&#8230; Se preghiamo abbiamo le grazie, e quindi viviamo bene! Sebbene si cada &hellip; <a href=\"https:\/\/www.famigliapaolina.net\/preghierapaolina\/home-page\/?lang=ko\" class=\"more-link\">Continua a leggere <span class=\"screen-reader-text\">Home page<\/span> <span class=\"meta-nav\">&raquo;<\/span><\/a><\/p>\n","protected":false},"author":1,"featured_media":0,"parent":0,"menu_order":0,"comment_status":"closed","ping_status":"closed","template":"page-templates\/front-page.php","meta":{"ip_address":"","user_agent":"","level":"","revision":"","cookie_id":"","page_referer":"","html_form":""},"acf":{"hide_wp_ba":false},"yoast_head":"<!-- This site is optimized with the Yoast SEO plugin v17.6 - https:\/\/yoast.com\/wordpress\/plugins\/seo\/ -->\n<title>Home page - Preghiera Paolina<\/title>\n<meta name=\"robots\" content=\"index, follow, max-snippet:-1, max-image-preview:large, max-video-preview:-1\" \/>\n<link rel=\"canonical\" href=\"https:\/\/www.famigliapaolina.net\/preghierapaolina\/\" \/>\n<meta property=\"og:locale\" content=\"it_IT\" \/>\n<meta property=\"og:type\" content=\"article\" \/>\n<meta property=\"og:title\" content=\"Home page - Preghiera Paolina\" \/>\n<meta property=\"og:description\" content=\"La PREGHIERA si pu\u00f2 paragonare alla respirazione. Come il corpo cessa di vivere senza l\u2019aria, cos\u00ec cessa di vivere l\u2019anima priva di orazione. Non \u00e8 necessario essere profeti; dal modo con cui si prega, si \u00e8 assidui, raccolti, si conosce lo spirito, si conosce il buon cristiano, il buon religioso, il buon sacerdote... Se preghiamo abbiamo le grazie, e quindi viviamo bene! Sebbene si cada &hellip; Continua a leggere Home page &raquo;\" \/>\n<meta property=\"og:url\" content=\"https:\/\/www.famigliapaolina.net\/preghierapaolina\/?lang=ko\" \/>\n<meta property=\"og:site_name\" content=\"Preghiera Paolina\" \/>\n<meta name=\"twitter:card\" content=\"summary_large_image\" \/>\n<meta name=\"twitter:label1\" content=\"Tempo di lettura stimato\" \/>\n\t<meta name=\"twitter:data1\" content=\"1 minuto\" \/>\n<script type=\"application\/ld+json\" class=\"yoast-schema-graph\">{\"@context\":\"https:\/\/schema.org\",\"@graph\":[{\"@type\":\"WebSite\",\"@id\":\"https:\/\/www.famigliapaolina.net\/preghierapaolina\/#website\",\"url\":\"https:\/\/www.famigliapaolina.net\/preghierapaolina\/\",\"name\":\"Preghiera Paolina\",\"description\":\"\",\"potentialAction\":[{\"@type\":\"SearchAction\",\"target\":{\"@type\":\"EntryPoint\",\"urlTemplate\":\"https:\/\/www.famigliapaolina.net\/preghierapaolina\/?s={search_term_string}\"},\"query-input\":\"required name=search_term_string\"}],\"inLanguage\":\"it-IT\"},{\"@type\":\"WebPage\",\"@id\":\"https:\/\/www.famigliapaolina.net\/preghierapaolina\/?lang=ko#webpage\",\"url\":\"https:\/\/www.famigliapaolina.net\/preghierapaolina\/?lang=ko\",\"name\":\"Home page - Preghiera Paolina\",\"isPartOf\":{\"@id\":\"https:\/\/www.famigliapaolina.net\/preghierapaolina\/#website\"},\"datePublished\":\"2022-09-26T09:24:43+00:00\",\"dateModified\":\"2022-09-26T09:24:43+00:00\",\"breadcrumb\":{\"@id\":\"https:\/\/www.famigliapaolina.net\/preghierapaolina\/?lang=ko#breadcrumb\"},\"inLanguage\":\"it-IT\",\"potentialAction\":[{\"@type\":\"ReadAction\",\"target\":[\"https:\/\/www.famigliapaolina.net\/preghierapaolina\/?lang=ko\"]}]},{\"@type\":\"BreadcrumbList\",\"@id\":\"https:\/\/www.famigliapaolina.net\/preghierapaolina\/?lang=ko#breadcrumb\",\"itemListElement\":[{\"@type\":\"ListItem\",\"position\":1,\"name\":\"Home\",\"item\":\"https:\/\/www.famigliapaolina.net\/preghierapaolina\/\"},{\"@type\":\"ListItem\",\"position\":2,\"name\":\"Home page\"}]}]}<\/script>\n<!-- \/ Yoast SEO plugin. -->","yoast_head_json":{"title":"Home page - Preghiera Paolina","robots":{"index":"index","follow":"follow","max-snippet":"max-snippet:-1","max-image-preview":"max-image-preview:large","max-video-preview":"max-video-preview:-1"},"canonical":"https:\/\/www.famigliapaolina.net\/preghierapaolina\/","og_locale":"it_IT","og_type":"article","og_title":"Home page - Preghiera Paolina","og_description":"La PREGHIERA si pu\u00f2 paragonare alla respirazione. Come il corpo cessa di vivere senza l\u2019aria, cos\u00ec cessa di vivere l\u2019anima priva di orazione. Non \u00e8 necessario essere profeti; dal modo con cui si prega, si \u00e8 assidui, raccolti, si conosce lo spirito, si conosce il buon cristiano, il buon religioso, il buon sacerdote... Se preghiamo abbiamo le grazie, e quindi viviamo bene! Sebbene si cada &hellip; Continua a leggere Home page &raquo;","og_url":"https:\/\/www.famigliapaolina.net\/preghierapaolina\/?lang=ko","og_site_name":"Preghiera Paolina","twitter_card":"summary_large_image","twitter_misc":{"Tempo di lettura stimato":"1 minuto"},"schema":{"@context":"https:\/\/schema.org","@graph":[{"@type":"WebSite","@id":"https:\/\/www.famigliapaolina.net\/preghierapaolina\/#website","url":"https:\/\/www.famigliapaolina.net\/preghierapaolina\/","name":"Preghiera Paolina","description":"","potentialAction":[{"@type":"SearchAction","target":{"@type":"EntryPoint","urlTemplate":"https:\/\/www.famigliapaolina.net\/preghierapaolina\/?s={search_term_string}"},"query-input":"required name=search_term_string"}],"inLanguage":"it-IT"},{"@type":"WebPage","@id":"https:\/\/www.famigliapaolina.net\/preghierapaolina\/?lang=ko#webpage","url":"https:\/\/www.famigliapaolina.net\/preghierapaolina\/?lang=ko","name":"Home page - Preghiera Paolina","isPartOf":{"@id":"https:\/\/www.famigliapaolina.net\/preghierapaolina\/#website"},"datePublished":"2022-09-26T09:24:43+00:00","dateModified":"2022-09-26T09:24:43+00:00","breadcrumb":{"@id":"https:\/\/www.famigliapaolina.net\/preghierapaolina\/?lang=ko#breadcrumb"},"inLanguage":"it-IT","potentialAction":[{"@type":"ReadAction","target":["https:\/\/www.famigliapaolina.net\/preghierapaolina\/?lang=ko"]}]},{"@type":"BreadcrumbList","@id":"https:\/\/www.famigliapaolina.net\/preghierapaolina\/?lang=ko#breadcrumb","itemListElement":[{"@type":"ListItem","position":1,"name":"Home","item":"https:\/\/www.famigliapaolina.net\/preghierapaolina\/"},{"@type":"ListItem","position":2,"name":"Home page"}]}]}},"wpml_current_locale":"ko_KR","wpml_translations":[{"locale":"it_IT","id":20,"post_title":"Home page","href":"https:\/\/www.famigliapaolina.net\/preghierapaolina\/home-page\/"},{"locale":"fr_FR","id":92,"post_title":"Page d'accueil","href":"https:\/\/www.famigliapaolina.net\/preghierapaolina\/\/home-page\/?lang=fr\/"},{"locale":"es_ES","id":2430,"post_title":"Home page","href":"https:\/\/www.famigliapaolina.net\/preghierapaolina\/\/home-page\/?lang=es\/"},{"locale":"pt_PT","id":2429,"post_title":"Home page","href":"https:\/\/www.famigliapaolina.net\/preghierapaolina\/\/home-page\/?lang=pt-pt\/"},{"locale":"en_US","id":2428,"post_title":"Home page","href":"https:\/\/www.famigliapaolina.net\/preghierapaolina\/\/home-page\/?lang=en\/"}],"_links":{"self":[{"href":"https:\/\/www.famigliapaolina.net\/preghierapaolina\/wp-json\/wp\/v2\/pages\/2433"}],"collection":[{"href":"https:\/\/www.famigliapaolina.net\/preghierapaolina\/wp-json\/wp\/v2\/pages"}],"about":[{"href":"https:\/\/www.famigliapaolina.net\/preghierapaolina\/wp-json\/wp\/v2\/types\/page"}],"author":[{"embeddable":true,"href":"https:\/\/www.famigliapaolina.net\/preghierapaolina\/wp-json\/wp\/v2\/users\/1"}],"replies":[{"embeddable":true,"href":"https:\/\/www.famigliapaolina.net\/preghierapaolina\/wp-json\/wp\/v2\/comments?post=2433"}],"version-history":[{"count":1,"href":"https:\/\/www.famigliapaolina.net\/preghierapaolina\/wp-json\/wp\/v2\/pages\/2433\/revisions"}],"predecessor-version":[{"id":2434,"href":"https:\/\/www.famigliapaolina.net\/preghierapaolina\/wp-json\/wp\/v2\/pages\/2433\/revisions\/2434"}],"wp:attachment":[{"href":"https:\/\/www.famigliapaolina.net\/preghierapaolina\/wp-json\/wp\/v2\/media?parent=2433"}],"curies":[{"name":"wp","href":"https:\/\/api.w.org\/{rel}","templated":true}]}}